{"id":25359,"date":"2022-11-15T11:41:14","date_gmt":"2022-11-15T11:41:14","guid":{"rendered":"https:\/\/sohl-formenbau.de\/?page_id=25359"},"modified":"2022-11-15T14:14:22","modified_gmt":"2022-11-15T14:14:22","slug":"designformen","status":"publish","type":"page","link":"https:\/\/sohl-formenbau.de\/en\/designformen","title":{"rendered":"Design moulds"},"content":{"rendered":"<p>[et_pb_section fb_built=&#8220;1&#8243; _builder_version=&#8220;4.19.0&#8243; _module_preset=&#8220;default&#8220; global_colors_info=&#8220;{}&#8220;][et_pb_row column_structure=&#8220;1_2,1_2&#8243; _builder_version=&#8220;4.19.0&#8243; _module_preset=&#8220;default&#8220; global_colors_info=&#8220;{}&#8220;][et_pb_column type=&#8220;1_2&#8243; _builder_version=&#8220;4.19.0&#8243; _module_preset=&#8220;default&#8220; global_colors_info=&#8220;{}&#8220;][et_pb_image src=&#8220;http:\/\/sohl-formenbau.de\/wp-content\/uploads\/2022\/11\/PUR-Designform.jpg&#8220; title_text=&#8220;PUR-Designform&#8220; _builder_version=&#8220;4.19.0&#8243; _module_preset=&#8220;default&#8220; global_colors_info=&#8220;{}&#8220;][\/et_pb_image][\/et_pb_column][et_pb_column type=&#8220;1_2&#8243; _builder_version=&#8220;4.19.0&#8243; _module_preset=&#8220;default&#8220; global_colors_info=&#8220;{}&#8220;][et_pb_text _builder_version=&#8220;4.19.0&#8243; _module_preset=&#8220;default&#8220; global_colors_info=&#8220;{}&#8220;]<\/p>\n<h1>Designformen<\/h1>\n<p>Optimal abgestimmt \u2013 Top-Qualit\u00e4t \u2013 CademyPlus Integration.<\/p>\n<p>[\/et_pb_text][et_pb_code _builder_version=&#8220;4.19.0&#8243; _module_preset=&#8220;default&#8220; global_colors_info=&#8220;{}&#8220;]<\/p>\n<div class=\"grid-container\"><!-- [et_pb_line_break_holder] -->  <\/p>\n<div><img decoding=\"async\" src=\"\/wp-content\/uploads\/2022\/11\/ok50.png\" alt=\"Vorteil\" class=\"gruenerhaken\" \/><\/div>\n<p><!-- [et_pb_line_break_holder] -->  <\/p>\n<div>Die einfachste und kosteng\u00fcnstigste Variante unserer Formen ist prim\u00e4r zur Produktvalidierung oder Herstellung von Nullserien vorgesehen.<\/div>\n<p><!-- [et_pb_line_break_holder] --><\/div>\n<p>[\/et_pb_code][et_pb_code _builder_version=&#8220;4.19.0&#8243; _module_preset=&#8220;default&#8220; global_colors_info=&#8220;{}&#8220;]<\/p>\n<div class=\"grid-container\"><!-- [et_pb_line_break_holder] -->  <\/p>\n<div><img decoding=\"async\" src=\"\/wp-content\/uploads\/2022\/11\/ok50.png\" alt=\"Vorteil\" class=\"gruenerhaken\" \/><\/div>\n<p><!-- [et_pb_line_break_holder] -->  <\/p>\n<div>Hergestellt wahlweise aus Aluminium oder Kunststoff.<\/div>\n<p><!-- [et_pb_line_break_holder] --><\/div>\n<p>[\/et_pb_code][et_pb_code _builder_version=&#8220;4.19.0&#8243; _module_preset=&#8220;default&#8220; global_colors_info=&#8220;{}&#8220;]<\/p>\n<div class=\"grid-container\"><!-- [et_pb_line_break_holder] -->  <\/p>\n<div><img decoding=\"async\" src=\"\/wp-content\/uploads\/2022\/11\/ok50.png\" alt=\"Vorteil\" class=\"gruenerhaken\" \/><\/div>\n<p><!-- [et_pb_line_break_holder] -->  <\/p>\n<div>Der Betrieb ist in erster Linie als manuell bedienbare Tischform mit \u00fcblicherweise minimaler Ausstattung vorgesehen.<\/div>\n<p><!-- [et_pb_line_break_holder] --><\/div>\n<p>[\/et_pb_code][et_pb_code _builder_version=&#8220;4.19.0&#8243; _module_preset=&#8220;default&#8220; global_colors_info=&#8220;{}&#8220;]<\/p>\n<div class=\"grid-container\"><!-- [et_pb_line_break_holder] -->  <\/p>\n<div><img decoding=\"async\" src=\"\/wp-content\/uploads\/2022\/11\/ok50.png\" alt=\"Vorteil\" class=\"gruenerhaken\" \/><\/div>\n<p><!-- [et_pb_line_break_holder] -->  <\/p>\n<div>Die Erweiterung mit Zusatzfeatures ist m\u00f6glich, sodass diese Formen sp\u00e4ter sogar als Backup oder in der Peak Produktion eingesetzt werden k\u00f6nnen.<\/div>\n<p><!-- [et_pb_line_break_holder] --><\/div>\n<p>[\/et_pb_code][et_pb_button button_url=&#8220;tel:+49%202333%20613%2090%2021&#8243; button_text=&#8220;jetzt anrufen!&#8220; _builder_version=&#8220;4.19.0&#8243; _module_preset=&#8220;default&#8220; custom_button=&#8220;on&#8220; button_text_color=&#8220;#194B7D&#8220; button_bg_color=&#8220;#B6BED5&#8243; button_border_width=&#8220;0px&#8220; button_border_radius=&#8220;2px&#8220; button_letter_spacing=&#8220;1px&#8220; global_colors_info=&#8220;{}&#8220;][\/et_pb_button][\/et_pb_column][\/et_pb_row][\/et_pb_section][et_pb_section fb_built=&#8220;1&#8243; _builder_version=&#8220;4.19.0&#8243; _module_preset=&#8220;default&#8220; background_color=&#8220;#E4E4E4&#8243; global_colors_info=&#8220;{}&#8220;][et_pb_row _builder_version=&#8220;4.19.0&#8243; _module_preset=&#8220;default&#8220; custom_padding=&#8220;0px||0px||true|false&#8220; global_colors_info=&#8220;{}&#8220;][et_pb_column type=&#8220;4_4&#8243; _builder_version=&#8220;4.19.0&#8243; _module_preset=&#8220;default&#8220; global_colors_info=&#8220;{}&#8220;][et_pb_text _builder_version=&#8220;4.19.0&#8243; _module_preset=&#8220;default&#8220; global_colors_info=&#8220;{}&#8220;]<\/p>\n<h2>Weitere Formen<\/h2>\n<p>[\/et_pb_text][\/et_pb_column][\/et_pb_row][et_pb_row column_structure=&#8220;1_5,1_5,3_5&#8243; _builder_version=&#8220;4.19.0&#8243; _module_preset=&#8220;default&#8220; custom_padding=&#8220;0px||0px||true|false&#8220; global_colors_info=&#8220;{}&#8220;][et_pb_column type=&#8220;1_5&#8243; _builder_version=&#8220;4.19.0&#8243; _module_preset=&#8220;default&#8220; global_colors_info=&#8220;{}&#8220;][et_pb_image src=&#8220;http:\/\/sohl-formenbau.de\/wp-content\/uploads\/2022\/11\/PUR-Prototypenform.jpg&#8220; title_text=&#8220;PUR-Prototypenform&#8220; url=&#8220;@ET-DC@eyJkeW5hbWljIjp0cnVlLCJjb250ZW50IjoicG9zdF9saW5rX3VybF9wYWdlIiwic2V0dGluZ3MiOnsicG9zdF9pZCI6IjI1MzczIn19@&#8220; _builder_version=&#8220;4.19.0&#8243; _dynamic_attributes=&#8220;url&#8220; _module_preset=&#8220;default&#8220; custom_margin=&#8220;||5px||false|false&#8220; global_colors_info=&#8220;{}&#8220;][\/et_pb_image][et_pb_text _builder_version=&#8220;4.19.0&#8243; _module_preset=&#8220;default&#8220; global_colors_info=&#8220;{}&#8220;]<\/p>\n<p>Prototypenformen<\/p>\n<p>[\/et_pb_text][\/et_pb_column][et_pb_column type=&#8220;1_5&#8243; _builder_version=&#8220;4.19.0&#8243; _module_preset=&#8220;default&#8220; global_colors_info=&#8220;{}&#8220;][et_pb_image src=&#8220;http:\/\/sohl-formenbau.de\/wp-content\/uploads\/2022\/11\/PUR-Serienform.jpg&#8220; title_text=&#8220;PUR-Serienform&#8220; _builder_version=&#8220;4.19.0&#8243; _module_preset=&#8220;default&#8220; custom_margin=&#8220;||5px||false|false&#8220; hover_enabled=&#8220;0&#8243; global_colors_info=&#8220;{}&#8220; url=&#8220;@ET-DC@eyJkeW5hbWljIjp0cnVlLCJjb250ZW50IjoicG9zdF9saW5rX3VybF9wYWdlIiwic2V0dGluZ3MiOnsicG9zdF9pZCI6IjI1Mzg0In19@&#8220; _dynamic_attributes=&#8220;url&#8220; sticky_enabled=&#8220;0&#8243;][\/et_pb_image][et_pb_text _builder_version=&#8220;4.19.0&#8243; _module_preset=&#8220;default&#8220; global_colors_info=&#8220;{}&#8220;]<\/p>\n<p>Serienformen<\/p>\n<p>[\/et_pb_text][\/et_pb_column][et_pb_column type=&#8220;3_5&#8243; _builder_version=&#8220;4.19.0&#8243; _module_preset=&#8220;default&#8220; global_colors_info=&#8220;{}&#8220;][et_pb_text _builder_version=&#8220;4.19.0&#8243; _module_preset=&#8220;default&#8220; global_colors_info=&#8220;{}&#8220;]<\/p>\n<p><strong>Sie ben\u00f6tigen fachkundige Beratung?<\/strong><br \/>Nehmen Sie bitte Kontakt zu uns auf, wir vereinbaren sehr gerne ein kostenfreies Erstberatungsgespr\u00e4ch mit Ihnen.<\/p>\n<p>[\/et_pb_text][et_pb_button button_url=&#8220;#formular&#8220; button_text=&#8220;jetzt anfragen!&#8220; _builder_version=&#8220;4.19.0&#8243; _module_preset=&#8220;default&#8220; custom_button=&#8220;on&#8220; button_text_size=&#8220;16px&#8220; button_text_color=&#8220;#194B7D&#8220; button_bg_color=&#8220;#B6BED5&#8243; button_border_width=&#8220;0px&#8220; button_border_radius=&#8220;2px&#8220; button_letter_spacing=&#8220;1px&#8220; global_colors_info=&#8220;{}&#8220;][\/et_pb_button][\/et_pb_column][\/et_pb_row][\/et_pb_section][et_pb_section fb_built=&#8220;1&#8243; module_id=&#8220;formular&#8220; _builder_version=&#8220;4.19.0&#8243; _module_preset=&#8220;default&#8220; global_module=&#8220;25350&#8243; global_colors_info=&#8220;{}&#8220;][et_pb_row _builder_version=&#8220;4.19.0&#8243; _module_preset=&#8220;default&#8220; global_colors_info=&#8220;{}&#8220;][et_pb_column type=&#8220;4_4&#8243; _builder_version=&#8220;4.19.0&#8243; _module_preset=&#8220;default&#8220; global_colors_info=&#8220;{}&#8220;][et_pb_text _builder_version=&#8220;4.19.0&#8243; _module_preset=&#8220;default&#8220; global_colors_info=&#8220;{}&#8220;]<\/p>\n<h2>Ihre Nachricht an uns<\/h2>\n<p>Bitte f\u00fcllen Sie alle mit * gekennzeichneten Felder aus.<\/p>\n<p>[\/et_pb_text][et_pb_code _builder_version=&#8220;4.19.0&#8243; _module_preset=&#8220;default&#8220; global_colors_info=&#8220;{}&#8220;]\n<div class=\"wpcf7 no-js\" id=\"wpcf7-f25332-o1\" lang=\"de-DE\" dir=\"ltr\" data-wpcf7-id=\"25332\">\n<div class=\"screen-reader-response\"><p role=\"status\" aria-live=\"polite\" aria-atomic=\"true\"><\/p> <ul><\/ul><\/div>\n<form action=\"\/en\/wp-json\/wp\/v2\/pages\/25359#wpcf7-f25332-o1\" method=\"post\" class=\"wpcf7-form init\" aria-label=\"Kontaktformular\" novalidate=\"novalidate\" data-status=\"init\">\n<fieldset class=\"hidden-fields-container\"><input type=\"hidden\" name=\"_wpcf7\" value=\"25332\" \/><input type=\"hidden\" name=\"_wpcf7_version\" value=\"6.1.5\" \/><input type=\"hidden\" name=\"_wpcf7_locale\" value=\"de_DE\" \/><input type=\"hidden\" name=\"_wpcf7_unit_tag\" value=\"wpcf7-f25332-o1\" \/><input type=\"hidden\" name=\"_wpcf7_container_post\" value=\"0\" \/><input type=\"hidden\" name=\"_wpcf7_posted_data_hash\" value=\"\" \/><input type=\"hidden\" name=\"_wpcf7cf_hidden_group_fields\" value=\"[]\" \/><input type=\"hidden\" name=\"_wpcf7cf_hidden_groups\" value=\"[]\" \/><input type=\"hidden\" name=\"_wpcf7cf_visible_groups\" value=\"[]\" \/><input type=\"hidden\" name=\"_wpcf7cf_repeaters\" value=\"[]\" \/><input type=\"hidden\" name=\"_wpcf7cf_steps\" value=\"{}\" \/><input type=\"hidden\" name=\"_wpcf7cf_options\" value=\"{&quot;form_id&quot;:25332,&quot;conditions&quot;:[],&quot;settings&quot;:{&quot;animation&quot;:&quot;yes&quot;,&quot;animation_intime&quot;:200,&quot;animation_outtime&quot;:200,&quot;conditions_ui&quot;:&quot;normal&quot;,&quot;notice_dismissed&quot;:false,&quot;repeater_remove_button&quot;:&quot;bottom&quot;,&quot;notice_dismissed_rollback-cf7-5.8.6&quot;:true,&quot;notice_dismissed_rollback-cf7-6.0.3&quot;:true,&quot;notice_dismissed_rollback-cf7-6.1.1&quot;:true}}\" \/>\n<\/fieldset>\n<p><label> Ihr Name*<br \/>\n<span class=\"wpcf7-form-control-wrap\" data-name=\"your-name\"><input size=\"40\" maxlength=\"400\" class=\"wpcf7-form-control wpcf7-text wpcf7-validates-as-required\" aria-required=\"true\" aria-invalid=\"false\" value=\"\" type=\"text\" name=\"your-name\" \/><\/span> <\/label>\n<\/p>\n<p><label> Unternehmen*<br \/>\n<span class=\"wpcf7-form-control-wrap\" data-name=\"company\"><input size=\"40\" maxlength=\"400\" class=\"wpcf7-form-control wpcf7-text wpcf7-validates-as-required\" aria-required=\"true\" aria-invalid=\"false\" value=\"\" type=\"text\" name=\"company\" \/><\/span> <\/label>\n<\/p>\n<p><label> Ihre E-Mail-Adresse*<br \/>\n<span class=\"wpcf7-form-control-wrap\" data-name=\"your-email\"><input size=\"40\" maxlength=\"400\" class=\"wpcf7-form-control wpcf7-email wpcf7-validates-as-required wpcf7-text wpcf7-validates-as-email\" aria-required=\"true\" aria-invalid=\"false\" value=\"\" type=\"email\" name=\"your-email\" \/><\/span> <\/label>\n<\/p>\n<p><label> Ihre Telefonnummer<br \/>\n<span class=\"wpcf7-form-control-wrap\" data-name=\"telefon\"><input size=\"40\" maxlength=\"400\" class=\"wpcf7-form-control wpcf7-tel wpcf7-text wpcf7-validates-as-tel\" aria-invalid=\"false\" value=\"\" type=\"tel\" name=\"telefon\" \/><\/span><\/label>\n<\/p>\n<p><label> Ihre Nachricht*<br \/>\n<span class=\"wpcf7-form-control-wrap\" data-name=\"your-message\"><textarea cols=\"40\" rows=\"10\" maxlength=\"2000\" class=\"wpcf7-form-control wpcf7-textarea wpcf7-validates-as-required\" aria-required=\"true\" aria-invalid=\"false\" name=\"your-message\"><\/textarea><\/span> <\/label>\n<\/p>\n<p><span class=\"wpcf7-form-control-wrap\" data-name=\"datenschutz\"><span class=\"wpcf7-form-control wpcf7-acceptance\"><span class=\"wpcf7-list-item\"><label><input type=\"checkbox\" name=\"datenschutz\" value=\"1\" aria-invalid=\"false\" \/><span class=\"wpcf7-list-item-label\">Ich habe die <a href=\"\/datenschutz\/\" target=\"_blank\">Datenschutzbestimmungen<\/a> zur Kenntnis genommen. Ich stimme zu, dass meine Angaben und Daten zur Beantwortung meiner Anfrage elektronisch erhoben und gespeichert werden.(Pflichtfeld)<\/span><\/label><\/span><\/span><\/span>\n<\/p>\n<p><input class=\"wpcf7-form-control wpcf7-submit has-spinner\" type=\"submit\" value=\"Senden\" \/>\n<\/p><div class=\"wpcf7-response-output\" aria-hidden=\"true\"><\/div>\n<\/form>\n<\/div>\n[\/et_pb_code][\/et_pb_column][\/et_pb_row][\/et_pb_section]<\/p>\n","protected":false},"excerpt":{"rendered":"<p>Designformen Optimal abgestimmt \u2013 Top-Qualit\u00e4t \u2013 CademyPlus Integration.Weitere FormenPrototypenformenSerienformenSie ben\u00f6tigen fachkundige Beratung?Nehmen Sie bitte Kontakt zu uns auf, wir vereinbaren sehr gerne ein kostenfreies Erstberatungsgespr\u00e4ch mit Ihnen.Ihre Nachricht an uns Bitte f\u00fcllen Sie alle mit * gekennzeichneten Felder aus.\n<div class=\"wpcf7 no-js\" id=\"wpcf7-f25332-o2\" lang=\"de-DE\" dir=\"ltr\" data-wpcf7-id=\"25332\">\n<div class=\"screen-reader-response\"><p role=\"status\" aria-live=\"polite\" aria-atomic=\"true\"><\/p> <ul><\/ul><\/div>\n<form action=\"\/en\/wp-json\/wp\/v2\/pages\/25359#wpcf7-f25332-o2\" method=\"post\" class=\"wpcf7-form init\" aria-label=\"Kontaktformular\" novalidate=\"novalidate\" data-status=\"init\" data-trp-original-action=\"\/en\/wp-json\/wp\/v2\/pages\/25359#wpcf7-f25332-o2\">\n<fieldset class=\"hidden-fields-container\"><input type=\"hidden\" name=\"_wpcf7\" value=\"25332\" \/><input type=\"hidden\" name=\"_wpcf7_version\" value=\"6.1.5\" \/><input type=\"hidden\" name=\"_wpcf7_locale\" value=\"de_DE\" \/><input type=\"hidden\" name=\"_wpcf7_unit_tag\" value=\"wpcf7-f25332-o2\" \/><input type=\"hidden\" name=\"_wpcf7_container_post\" value=\"0\" \/><input type=\"hidden\" name=\"_wpcf7_posted_data_hash\" value=\"\" \/><input type=\"hidden\" name=\"_wpcf7cf_hidden_group_fields\" value=\"[]\" \/><input type=\"hidden\" name=\"_wpcf7cf_hidden_groups\" value=\"[]\" \/><input type=\"hidden\" name=\"_wpcf7cf_visible_groups\" value=\"[]\" \/><input type=\"hidden\" name=\"_wpcf7cf_repeaters\" value=\"[]\" \/><input type=\"hidden\" name=\"_wpcf7cf_steps\" value=\"{}\" \/><input type=\"hidden\" name=\"_wpcf7cf_options\" value=\"{&quot;form_id&quot;:25332,&quot;conditions&quot;:[],&quot;settings&quot;:{&quot;animation&quot;:&quot;yes&quot;,&quot;animation_intime&quot;:200,&quot;animation_outtime&quot;:200,&quot;conditions_ui&quot;:&quot;normal&quot;,&quot;notice_dismissed&quot;:false,&quot;repeater_remove_button&quot;:&quot;bottom&quot;,&quot;notice_dismissed_rollback-cf7-5.8.6&quot;:true,&quot;notice_dismissed_rollback-cf7-6.0.3&quot;:true,&quot;notice_dismissed_rollback-cf7-6.1.1&quot;:true}}\" \/>\n<\/fieldset>\n<p><label> your name*<br \/>\n<span class=\"wpcf7-form-control-wrap\" data-name=\"your-name\"><input size=\"40\" maxlength=\"400\" class=\"wpcf7-form-control wpcf7-text wpcf7-validates-as-required\" aria-required=\"true\" aria-invalid=\"false\" value=\"\" type=\"text\" name=\"your-name\" \/><\/span> <\/label>\n<\/p>\n<p><label> company*<br \/>\n<span class=\"wpcf7-form-control-wrap\" data-name=\"company\"><input size=\"40\" maxlength=\"400\" class=\"wpcf7-form-control wpcf7-text wpcf7-validates-as-required\" aria-required=\"true\" aria-invalid=\"false\" value=\"\" type=\"text\" name=\"company\" \/><\/span> <\/label>\n<\/p>\n<p><label> Your email address*<br \/>\n<span class=\"wpcf7-form-control-wrap\" data-name=\"your-email\"><input size=\"40\" maxlength=\"400\" class=\"wpcf7-form-control wpcf7-email wpcf7-validates-as-required wpcf7-text wpcf7-validates-as-email\" aria-required=\"true\" aria-invalid=\"false\" value=\"\" type=\"email\" name=\"your-email\" \/><\/span> <\/label>\n<\/p>\n<p><label> Your phone number<br \/>\n<span class=\"wpcf7-form-control-wrap\" data-name=\"telefon\"><input size=\"40\" maxlength=\"400\" class=\"wpcf7-form-control wpcf7-tel wpcf7-text wpcf7-validates-as-tel\" aria-invalid=\"false\" value=\"\" type=\"tel\" name=\"telefon\" \/><\/span><\/label>\n<\/p>\n<p><label> Your message to us*<br \/>\n<span class=\"wpcf7-form-control-wrap\" data-name=\"your-message\"><textarea cols=\"40\" rows=\"10\" maxlength=\"2000\" class=\"wpcf7-form-control wpcf7-textarea wpcf7-validates-as-required\" aria-required=\"true\" aria-invalid=\"false\" name=\"your-message\"><\/textarea><\/span> <\/label>\n<\/p>\n<p><span class=\"wpcf7-form-control-wrap\" data-name=\"datenschutz\"><span class=\"wpcf7-form-control wpcf7-acceptance\"><span class=\"wpcf7-list-item\"><label class=\"translation-block\"><span class=\"wpcf7-form-control-wrap\" data-name=\"data protection\"><span class=\"wpcf7-form-control wpcf7-acceptance\"><span class=\"wpcf7-list-item\"><label><span class=\"wpcf7-list-item-label\">I have the <a href=\"\/en\/privacy \/\" target=\"_blank\">Privacy Policy<\/a> noted. I agree that my details and data will be collected and stored electronically to answer my request. (mandatory field)<\/span><\/label><\/span><\/span><\/span><\/label><\/span><\/span><\/span>\n<\/p>\n<p><input class=\"wpcf7-form-control wpcf7-submit has-spinner\" type=\"submit\" value=\"Senden\" \/>\n<\/p><div class=\"wpcf7-response-output\" aria-hidden=\"true\"><\/div>\n<input type=\"hidden\" name=\"trp-form-language\" value=\"en\"\/><\/form>\n<\/div>\n<\/p>","protected":false},"author":1,"featured_media":25327,"parent":0,"menu_order":0,"comment_status":"closed","ping_status":"closed","template":"","meta":{"_et_pb_use_builder":"on","_et_pb_old_content":"","_et_gb_content_width":"","footnotes":""},"class_list":["post-25359","page","type-page","status-publish","has-post-thumbnail","hentry"],"_links":{"self":[{"href":"https:\/\/sohl-formenbau.de\/en\/wp-json\/wp\/v2\/pages\/25359","targetHints":{"allow":["GET"]}}],"collection":[{"href":"https:\/\/sohl-formenbau.de\/en\/wp-json\/wp\/v2\/pages"}],"about":[{"href":"https:\/\/sohl-formenbau.de\/en\/wp-json\/wp\/v2\/types\/page"}],"author":[{"embeddable":true,"href":"https:\/\/sohl-formenbau.de\/en\/wp-json\/wp\/v2\/users\/1"}],"replies":[{"embeddable":true,"href":"https:\/\/sohl-formenbau.de\/en\/wp-json\/wp\/v2\/comments?post=25359"}],"version-history":[{"count":9,"href":"https:\/\/sohl-formenbau.de\/en\/wp-json\/wp\/v2\/pages\/25359\/revisions"}],"predecessor-version":[{"id":25393,"href":"https:\/\/sohl-formenbau.de\/en\/wp-json\/wp\/v2\/pages\/25359\/revisions\/25393"}],"wp:featuredmedia":[{"embeddable":true,"href":"https:\/\/sohl-formenbau.de\/en\/wp-json\/wp\/v2\/media\/25327"}],"wp:attachment":[{"href":"https:\/\/sohl-formenbau.de\/en\/wp-json\/wp\/v2\/media?parent=25359"}],"curies":[{"name":"wp","href":"https:\/\/api.w.org\/{rel}","templated":true}]}}