{"id":25408,"date":"2022-11-15T14:39:26","date_gmt":"2022-11-15T14:39:26","guid":{"rendered":"https:\/\/sohl-formenbau.de\/?page_id=25408"},"modified":"2022-11-18T11:09:54","modified_gmt":"2022-11-18T11:09:54","slug":"service","status":"publish","type":"page","link":"https:\/\/sohl-formenbau.de\/en\/service","title":{"rendered":"Service"},"content":{"rendered":"<p>[et_pb_section fb_built=&#8220;1&#8243; _builder_version=&#8220;4.19.0&#8243; _module_preset=&#8220;default&#8220; global_colors_info=&#8220;{}&#8220;][et_pb_row _builder_version=&#8220;4.19.0&#8243; _module_preset=&#8220;default&#8220; global_colors_info=&#8220;{}&#8220;][et_pb_column type=&#8220;4_4&#8243; _builder_version=&#8220;4.19.0&#8243; _module_preset=&#8220;default&#8220; global_colors_info=&#8220;{}&#8220;][et_pb_text _builder_version=&#8220;4.19.1&#8243; _module_preset=&#8220;default&#8220; hover_enabled=&#8220;0&#8243; global_colors_info=&#8220;{}&#8220; sticky_enabled=&#8220;0&#8243;]<\/p>\n<h1>Unser weltweiter Service f\u00fcr Sie<\/h1>\n<p><strong>Wir m\u00f6chten Ihnen den bestm\u00f6glichen Service bieten.<\/strong><br \/>Aus diesem Grund nehmen wir uns viel Zeit, um mit Ihnen \u00fcber Ihr Projekt und Ihre Anforderungen zu sprechen.<br \/>Profitieren Sie vom umfassenden Erfahrungsschatz unseres Entwicklungsteams.<\/p>\n<div class=\"wpb_text_column wpb_content_element \">\n<div class=\"wpb_wrapper\">\n<p>Unser Ziel ist eine m\u00f6glichst wirtschaftliche und produktionssichere L\u00f6sung f\u00fcr Sie zu finden.<\/p>\n<\/div>\n<\/div>\n<p>[\/et_pb_text][et_pb_text _builder_version=&#8220;4.19.0&#8243; _module_preset=&#8220;default&#8220; global_colors_info=&#8220;{}&#8220;]<\/p>\n<p><strong>Grundlagen unserer Beratung:<\/strong><\/p>\n<div class=\"wpb_text_column wpb_content_element \">\n<div class=\"wpb_wrapper\">\n<p>&nbsp;<\/p>\n<\/div>\n<\/div>\n<div class=\"wpb_text_column wpb_content_element \">\n<div class=\"wpb_wrapper\"><\/div>\n<\/div>\n<div class=\"wpb_text_column wpb_content_element  vc_custom_1426343694159\">\n<div class=\"wpb_wrapper\">\n<ul>\n<li>Das Produkt mu\u00df zuverl\u00e4ssig und herstellbar sein.<\/li>\n<li>Das Produkt mu\u00df erfolgreich sein<\/li>\n<li>Wir m\u00fc\u00dfen uns mit dem Produkt identifizieren<\/li>\n<\/ul>\n<\/div>\n<\/div>\n<div class=\"wpb_text_column wpb_content_element  vc_custom_1426343793107\">\n<div class=\"wpb_wrapper\">\n<p>Unsere Kunden, zu denen fast jeder namhafte Automobilhersteller oder dessen Zulieferer geh\u00f6ren, sch\u00e4tzen den umfassenden Beratungsansatz, der nicht nur gelebte L\u00f6sungsans\u00e4tze verfolgt, sondern auch einmal unkonventionelle Wege beschreitet.<\/p>\n<p><strong>Wir sichern Ihren Erfolg \u2013 mit innovativen Ideen und unserer Erfahrung!<\/strong><\/p>\n<\/div>\n<\/div>\n<p>[\/et_pb_text][et_pb_button button_url=&#8220;#formular&#8220; button_text=&#8220;jetzt anfragen!&#8220; _builder_version=&#8220;4.19.0&#8243; _module_preset=&#8220;default&#8220; custom_button=&#8220;on&#8220; button_text_color=&#8220;#194B7D&#8220; button_bg_color=&#8220;#B6BED5&#8243; button_border_width=&#8220;0px&#8220; button_border_radius=&#8220;2px&#8220; button_letter_spacing=&#8220;1px&#8220; global_colors_info=&#8220;{}&#8220;][\/et_pb_button][\/et_pb_column][\/et_pb_row][\/et_pb_section][et_pb_section fb_built=&#8220;1&#8243; _builder_version=&#8220;4.19.0&#8243; _module_preset=&#8220;default&#8220; background_color=&#8220;#194B7D&#8220; global_colors_info=&#8220;{}&#8220;][et_pb_row _builder_version=&#8220;4.19.1&#8243; _module_preset=&#8220;default&#8220; width=&#8220;80vw&#8220; max_width=&#8220;80vw&#8220; hover_enabled=&#8220;0&#8243; sticky_enabled=&#8220;0&#8243;][et_pb_column _builder_version=&#8220;4.19.1&#8243; _module_preset=&#8220;default&#8220; type=&#8220;4_4&#8243;][et_pb_image src=&#8220;http:\/\/sohl-formenbau.de\/wp-content\/uploads\/2022\/11\/weltweiter-service.jpg&#8220; _builder_version=&#8220;4.19.1&#8243; _module_preset=&#8220;default&#8220; alt=&#8220;Weltweiter Service&#8220; title_text=&#8220;Weltweiter Service&#8220; hover_enabled=&#8220;0&#8243; sticky_enabled=&#8220;0&#8243; align=&#8220;center&#8220; custom_margin=&#8220;||10px||false|false&#8220;][\/et_pb_image][et_pb_text _builder_version=&#8220;4.19.1&#8243; _module_preset=&#8220;default&#8220; text_text_color=&#8220;#FFFFFF&#8220; text_font_size=&#8220;18px&#8220; hover_enabled=&#8220;0&#8243; sticky_enabled=&#8220;0&#8243;]<\/p>\n<p style=\"text-align: center;\">Weltweiter Service<\/p>\n<p>[\/et_pb_text][\/et_pb_column][\/et_pb_row][\/et_pb_section][et_pb_section fb_built=&#8220;1&#8243; _builder_version=&#8220;4.19.0&#8243; _module_preset=&#8220;default&#8220; background_color=&#8220;#E4E4E4&#8243; global_colors_info=&#8220;{}&#8220;][et_pb_row column_structure=&#8220;1_3,1_3,1_3&#8243; make_equal=&#8220;on&#8220; _builder_version=&#8220;4.19.0&#8243; _module_preset=&#8220;default&#8220; width=&#8220;90vw&#8220; max_width=&#8220;1920px&#8220; global_colors_info=&#8220;{}&#8220;][et_pb_column type=&#8220;1_3&#8243; _builder_version=&#8220;4.19.0&#8243; _module_preset=&#8220;default&#8220; background_color=&#8220;rgba(255,255,255,0.56)&#8220; custom_padding=&#8220;20px||20px|20px|true|false&#8220; border_radii=&#8220;on|10px|10px|10px|10px&#8220; global_colors_info=&#8220;{}&#8220;][et_pb_text _builder_version=&#8220;4.19.0&#8243; _module_preset=&#8220;default&#8220; global_colors_info=&#8220;{}&#8220;]<\/p>\n<h2>Entwicklungsphase<\/h2>\n<p>[\/et_pb_text][et_pb_code _builder_version=&#8220;4.19.0&#8243; _module_preset=&#8220;default&#8220; global_colors_info=&#8220;{}&#8220;]<\/p>\n<div class=\"grid-container\"><!-- [et_pb_line_break_holder] -->  <\/p>\n<div><img decoding=\"async\" src=\"\/wp-content\/uploads\/2022\/11\/ok50.png\" alt=\"Vorteil\" class=\"gruenerhaken\" \/><\/div>\n<p><!-- [et_pb_line_break_holder] -->  <\/p>\n<div>Ausf\u00fchrliche pers\u00f6nliche Beratung.<\/div>\n<p><!-- [et_pb_line_break_holder] --><\/div>\n<p>[\/et_pb_code][et_pb_code _builder_version=&#8220;4.19.0&#8243; _module_preset=&#8220;default&#8220; global_colors_info=&#8220;{}&#8220;]<\/p>\n<div class=\"grid-container\"><!-- [et_pb_line_break_holder] -->  <\/p>\n<div><img decoding=\"async\" src=\"\/wp-content\/uploads\/2022\/11\/ok50.png\" alt=\"Vorteil\" class=\"gruenerhaken\" \/><\/div>\n<p><!-- [et_pb_line_break_holder] -->  <\/p>\n<div>Konstruktion (CAD\/CAM) im eigenen Konstruktionsb\u00fcro.<\/div>\n<p><!-- [et_pb_line_break_holder] --><\/div>\n<p>[\/et_pb_code][et_pb_code _builder_version=&#8220;4.19.0&#8243; _module_preset=&#8220;default&#8220; global_colors_info=&#8220;{}&#8220;]<\/p>\n<div class=\"grid-container\"><!-- [et_pb_line_break_holder] -->  <\/p>\n<div><img decoding=\"async\" src=\"\/wp-content\/uploads\/2022\/11\/ok50.png\" alt=\"Vorteil\" class=\"gruenerhaken\" \/><\/div>\n<p><!-- [et_pb_line_break_holder] -->  <\/p>\n<div>Produktvalidierung (Onlineabnahme m\u00f6glich).<\/div>\n<p><!-- [et_pb_line_break_holder] --><\/div>\n<p>[\/et_pb_code][et_pb_code _builder_version=&#8220;4.19.0&#8243; _module_preset=&#8220;default&#8220; global_colors_info=&#8220;{}&#8220;]<\/p>\n<div class=\"grid-container\"><!-- [et_pb_line_break_holder] -->  <\/p>\n<div><img decoding=\"async\" src=\"\/wp-content\/uploads\/2022\/11\/ok50.png\" alt=\"Vorteil\" class=\"gruenerhaken\" \/><\/div>\n<p><!-- [et_pb_line_break_holder] -->  <\/p>\n<div>Prototypen- und Modellbau.<\/div>\n<p><!-- [et_pb_line_break_holder] --><\/div>\n<p>[\/et_pb_code][\/et_pb_column][et_pb_column type=&#8220;1_3&#8243; _builder_version=&#8220;4.19.0&#8243; _module_preset=&#8220;default&#8220; background_color=&#8220;rgba(255,255,255,0.56)&#8220; custom_padding=&#8220;20px||20px|20px|true|false&#8220; border_radii=&#8220;on|10px|10px|10px|10px&#8220; global_colors_info=&#8220;{}&#8220;][et_pb_text _builder_version=&#8220;4.19.0&#8243; _module_preset=&#8220;default&#8220; global_colors_info=&#8220;{}&#8220;]<\/p>\n<h2>Produktionsphase<\/h2>\n<p>[\/et_pb_text][et_pb_code _builder_version=&#8220;4.19.0&#8243; _module_preset=&#8220;default&#8220; global_colors_info=&#8220;{}&#8220;]<\/p>\n<div class=\"grid-container\"><!-- [et_pb_line_break_holder] -->  <\/p>\n<div><img decoding=\"async\" src=\"\/wp-content\/uploads\/2022\/11\/ok50.png\" alt=\"Vorteil\" class=\"gruenerhaken\" \/><\/div>\n<p><!-- [et_pb_line_break_holder] -->  <\/p>\n<div>Onlineportal mit Darstellung des Produktionsfortschrittes.<\/div>\n<p><!-- [et_pb_line_break_holder] --><\/div>\n<p>[\/et_pb_code][et_pb_code _builder_version=&#8220;4.19.0&#8243; _module_preset=&#8220;default&#8220; global_colors_info=&#8220;{}&#8220;]<\/p>\n<div class=\"grid-container\"><!-- [et_pb_line_break_holder] -->  <\/p>\n<div><img decoding=\"async\" src=\"\/wp-content\/uploads\/2022\/11\/ok50.png\" alt=\"Vorteil\" class=\"gruenerhaken\" \/><\/div>\n<p><!-- [et_pb_line_break_holder] -->  <\/p>\n<div>Download der wichtigsten Produktdatenbl\u00e4tter.<\/div>\n<p><!-- [et_pb_line_break_holder] --><\/div>\n<p>[\/et_pb_code][et_pb_code _builder_version=&#8220;4.19.0&#8243; _module_preset=&#8220;default&#8220; global_colors_info=&#8220;{}&#8220;]<\/p>\n<div class=\"grid-container\"><!-- [et_pb_line_break_holder] -->  <\/p>\n<div><img decoding=\"async\" src=\"\/wp-content\/uploads\/2022\/11\/ok50.png\" alt=\"Vorteil\" class=\"gruenerhaken\" \/><\/div>\n<p><!-- [et_pb_line_break_holder] -->  <\/p>\n<div>Webcam (optional) der Produktionsmaschine.<\/div>\n<p><!-- [et_pb_line_break_holder] --><\/div>\n<p>[\/et_pb_code][\/et_pb_column][et_pb_column type=&#8220;1_3&#8243; _builder_version=&#8220;4.19.0&#8243; _module_preset=&#8220;default&#8220; background_color=&#8220;rgba(255,255,255,0.56)&#8220; custom_padding=&#8220;20px||20px|20px|true|false&#8220; border_radii=&#8220;on|10px|10px|10px|10px&#8220; global_colors_info=&#8220;{}&#8220;][et_pb_text _builder_version=&#8220;4.19.0&#8243; _module_preset=&#8220;default&#8220; global_colors_info=&#8220;{}&#8220;]<\/p>\n<h2>After-Sales-Service<\/h2>\n<p>[\/et_pb_text][et_pb_code _builder_version=&#8220;4.19.0&#8243; _module_preset=&#8220;default&#8220; global_colors_info=&#8220;{}&#8220;]<\/p>\n<div class=\"grid-container\"><!-- [et_pb_line_break_holder] -->  <\/p>\n<div><img decoding=\"async\" src=\"\/wp-content\/uploads\/2022\/11\/ok50.png\" alt=\"Vorteil\" class=\"gruenerhaken\" \/><\/div>\n<p><!-- [et_pb_line_break_holder] -->  <\/p>\n<div>Wartungs- und Servicevertr\u00e4ge.<\/div>\n<p><!-- [et_pb_line_break_holder] --><\/div>\n<p>[\/et_pb_code][et_pb_code _builder_version=&#8220;4.19.0&#8243; _module_preset=&#8220;default&#8220; global_colors_info=&#8220;{}&#8220;]<\/p>\n<div class=\"grid-container\"><!-- [et_pb_line_break_holder] -->  <\/p>\n<div><img decoding=\"async\" src=\"\/wp-content\/uploads\/2022\/11\/ok50.png\" alt=\"Vorteil\" class=\"gruenerhaken\" \/><\/div>\n<p><!-- [et_pb_line_break_holder] -->  <\/p>\n<div>Einzelpr\u00fcfung von Werkzeugen und Formen.<\/div>\n<p><!-- [et_pb_line_break_holder] --><\/div>\n<p>[\/et_pb_code][et_pb_code _builder_version=&#8220;4.19.0&#8243; _module_preset=&#8220;default&#8220; global_colors_info=&#8220;{}&#8220;]<\/p>\n<div class=\"grid-container\"><!-- [et_pb_line_break_holder] -->  <\/p>\n<div><img decoding=\"async\" src=\"\/wp-content\/uploads\/2022\/11\/ok50.png\" alt=\"Vorteil\" class=\"gruenerhaken\" \/><\/div>\n<p><!-- [et_pb_line_break_holder] -->  <\/p>\n<div>Intervalpr\u00fcfung von Werkzeugen und Formen.<\/div>\n<p><!-- [et_pb_line_break_holder] --><\/div>\n<p>[\/et_pb_code][\/et_pb_column][\/et_pb_row][\/et_pb_section][et_pb_section fb_built=&#8220;1&#8243; module_id=&#8220;formular&#8220; _builder_version=&#8220;4.19.0&#8243; _module_preset=&#8220;default&#8220; global_module=&#8220;25350&#8243; global_colors_info=&#8220;{}&#8220;][et_pb_row _builder_version=&#8220;4.19.0&#8243; _module_preset=&#8220;default&#8220; global_colors_info=&#8220;{}&#8220;][et_pb_column type=&#8220;4_4&#8243; _builder_version=&#8220;4.19.0&#8243; _module_preset=&#8220;default&#8220; global_colors_info=&#8220;{}&#8220;][et_pb_text _builder_version=&#8220;4.19.0&#8243; _module_preset=&#8220;default&#8220; global_colors_info=&#8220;{}&#8220;]<\/p>\n<h2>Ihre Nachricht an uns<\/h2>\n<p>Bitte f\u00fcllen Sie alle mit * gekennzeichneten Felder aus.<\/p>\n<p>[\/et_pb_text][et_pb_code _builder_version=&#8220;4.19.0&#8243; _module_preset=&#8220;default&#8220; global_colors_info=&#8220;{}&#8220;]\n<div class=\"wpcf7 no-js\" id=\"wpcf7-f25332-o1\" lang=\"de-DE\" dir=\"ltr\" data-wpcf7-id=\"25332\">\n<div class=\"screen-reader-response\"><p role=\"status\" aria-live=\"polite\" aria-atomic=\"true\"><\/p> <ul><\/ul><\/div>\n<form action=\"\/en\/wp-json\/wp\/v2\/pages\/25408#wpcf7-f25332-o1\" method=\"post\" class=\"wpcf7-form init\" aria-label=\"Kontaktformular\" novalidate=\"novalidate\" data-status=\"init\">\n<fieldset class=\"hidden-fields-container\"><input type=\"hidden\" name=\"_wpcf7\" value=\"25332\" \/><input type=\"hidden\" name=\"_wpcf7_version\" value=\"6.1.5\" \/><input type=\"hidden\" name=\"_wpcf7_locale\" value=\"de_DE\" \/><input type=\"hidden\" name=\"_wpcf7_unit_tag\" value=\"wpcf7-f25332-o1\" \/><input type=\"hidden\" name=\"_wpcf7_container_post\" value=\"0\" \/><input type=\"hidden\" name=\"_wpcf7_posted_data_hash\" value=\"\" \/><input type=\"hidden\" name=\"_wpcf7cf_hidden_group_fields\" value=\"[]\" \/><input type=\"hidden\" name=\"_wpcf7cf_hidden_groups\" value=\"[]\" \/><input type=\"hidden\" name=\"_wpcf7cf_visible_groups\" value=\"[]\" \/><input type=\"hidden\" name=\"_wpcf7cf_repeaters\" value=\"[]\" \/><input type=\"hidden\" name=\"_wpcf7cf_steps\" value=\"{}\" \/><input type=\"hidden\" name=\"_wpcf7cf_options\" value=\"{&quot;form_id&quot;:25332,&quot;conditions&quot;:[],&quot;settings&quot;:{&quot;animation&quot;:&quot;yes&quot;,&quot;animation_intime&quot;:200,&quot;animation_outtime&quot;:200,&quot;conditions_ui&quot;:&quot;normal&quot;,&quot;notice_dismissed&quot;:false,&quot;notice_dismissed_rollback-cf7-5.8.6&quot;:true,&quot;notice_dismissed_rollback-cf7-6.0.3&quot;:true,&quot;notice_dismissed_rollback-cf7-6.1.1&quot;:true}}\" \/>\n<\/fieldset>\n<p><label> Ihr Name*<br \/>\n<span class=\"wpcf7-form-control-wrap\" data-name=\"your-name\"><input size=\"40\" maxlength=\"400\" class=\"wpcf7-form-control wpcf7-text wpcf7-validates-as-required\" aria-required=\"true\" aria-invalid=\"false\" value=\"\" type=\"text\" name=\"your-name\" \/><\/span> <\/label>\n<\/p>\n<p><label> Unternehmen*<br \/>\n<span class=\"wpcf7-form-control-wrap\" data-name=\"company\"><input size=\"40\" maxlength=\"400\" class=\"wpcf7-form-control wpcf7-text wpcf7-validates-as-required\" aria-required=\"true\" aria-invalid=\"false\" value=\"\" type=\"text\" name=\"company\" \/><\/span> <\/label>\n<\/p>\n<p><label> Ihre E-Mail-Adresse*<br \/>\n<span class=\"wpcf7-form-control-wrap\" data-name=\"your-email\"><input size=\"40\" maxlength=\"400\" class=\"wpcf7-form-control wpcf7-email wpcf7-validates-as-required wpcf7-text wpcf7-validates-as-email\" aria-required=\"true\" aria-invalid=\"false\" value=\"\" type=\"email\" name=\"your-email\" \/><\/span> <\/label>\n<\/p>\n<p><label> Ihre Telefonnummer<br \/>\n<span class=\"wpcf7-form-control-wrap\" data-name=\"telefon\"><input size=\"40\" maxlength=\"400\" class=\"wpcf7-form-control wpcf7-tel wpcf7-text wpcf7-validates-as-tel\" aria-invalid=\"false\" value=\"\" type=\"tel\" name=\"telefon\" \/><\/span><\/label>\n<\/p>\n<p><label> Ihre Nachricht*<br \/>\n<span class=\"wpcf7-form-control-wrap\" data-name=\"your-message\"><textarea cols=\"40\" rows=\"10\" maxlength=\"2000\" class=\"wpcf7-form-control wpcf7-textarea wpcf7-validates-as-required\" aria-required=\"true\" aria-invalid=\"false\" name=\"your-message\"><\/textarea><\/span> <\/label>\n<\/p>\n<p><span class=\"wpcf7-form-control-wrap\" data-name=\"datenschutz\"><span class=\"wpcf7-form-control wpcf7-acceptance\"><span class=\"wpcf7-list-item\"><label><input type=\"checkbox\" name=\"datenschutz\" value=\"1\" aria-invalid=\"false\" \/><span class=\"wpcf7-list-item-label\">Ich habe die <a href=\"\/datenschutz\/\" target=\"_blank\">Datenschutzbestimmungen<\/a> zur Kenntnis genommen. Ich stimme zu, dass meine Angaben und Daten zur Beantwortung meiner Anfrage elektronisch erhoben und gespeichert werden.(Pflichtfeld)<\/span><\/label><\/span><\/span><\/span>\n<\/p>\n<p><input class=\"wpcf7-form-control wpcf7-submit has-spinner\" type=\"submit\" value=\"Senden\" \/>\n<\/p><div class=\"wpcf7-response-output\" aria-hidden=\"true\"><\/div>\n<\/form>\n<\/div>\n[\/et_pb_code][\/et_pb_column][\/et_pb_row][\/et_pb_section]<\/p>\n","protected":false},"excerpt":{"rendered":"<p>Unser weltweiter Service f\u00fcr Sie Wir m\u00f6chten Ihnen den bestm\u00f6glichen Service bieten.Aus diesem Grund nehmen wir uns viel Zeit, um mit Ihnen \u00fcber Ihr Projekt und Ihre Anforderungen zu sprechen.Profitieren Sie vom umfassenden Erfahrungsschatz unseres Entwicklungsteams. Unser Ziel ist eine m\u00f6glichst wirtschaftliche und produktionssichere L\u00f6sung f\u00fcr Sie zu finden. Grundlagen unserer Beratung: &nbsp; Das Produkt [&hellip;]<\/p>\n","protected":false},"author":1,"featured_media":0,"parent":0,"menu_order":0,"comment_status":"closed","ping_status":"closed","template":"","meta":{"_et_pb_use_builder":"on","_et_pb_old_content":"<!-- wp:divi\/placeholder \/-->","_et_gb_content_width":"","footnotes":""},"class_list":["post-25408","page","type-page","status-publish","hentry"],"_links":{"self":[{"href":"https:\/\/sohl-formenbau.de\/en\/wp-json\/wp\/v2\/pages\/25408","targetHints":{"allow":["GET"]}}],"collection":[{"href":"https:\/\/sohl-formenbau.de\/en\/wp-json\/wp\/v2\/pages"}],"about":[{"href":"https:\/\/sohl-formenbau.de\/en\/wp-json\/wp\/v2\/types\/page"}],"author":[{"embeddable":true,"href":"https:\/\/sohl-formenbau.de\/en\/wp-json\/wp\/v2\/users\/1"}],"replies":[{"embeddable":true,"href":"https:\/\/sohl-formenbau.de\/en\/wp-json\/wp\/v2\/comments?post=25408"}],"version-history":[{"count":7,"href":"https:\/\/sohl-formenbau.de\/en\/wp-json\/wp\/v2\/pages\/25408\/revisions"}],"predecessor-version":[{"id":25420,"href":"https:\/\/sohl-formenbau.de\/en\/wp-json\/wp\/v2\/pages\/25408\/revisions\/25420"}],"wp:attachment":[{"href":"https:\/\/sohl-formenbau.de\/en\/wp-json\/wp\/v2\/media?parent=25408"}],"curies":[{"name":"wp","href":"https:\/\/api.w.org\/{rel}","templated":true}]}}